{"id":21,"date":"2025-11-11T14:37:58","date_gmt":"2025-11-11T06:37:58","guid":{"rendered":"http:\/\/103.143.239.170\/?page_id=21"},"modified":"2025-12-14T13:19:38","modified_gmt":"2025-12-14T05:19:38","slug":"blog","status":"publish","type":"page","link":"https:\/\/www.han-sphere.com\/de\/blog\/","title":{"rendered":"Blog"},"content":{"rendered":"","protected":false},"excerpt":{"rendered":"","protected":false},"author":1,"featured_media":0,"parent":0,"menu_order":0,"comment_status":"closed","ping_status":"closed","template":"page\/blog-page.php","meta":{"_kad_post_transparent":"","_kad_post_title":"","_kad_post_layout":"","_kad_post_sidebar_id":"","_kad_post_content_style":"","_kad_post_vertical_padding":"","_kad_post_feature":"","_kad_post_feature_position":"","_kad_post_header":false,"_kad_post_footer":false,"_kad_post_classname":"","footnotes":""},"class_list":["post-21","page","type-page","status-publish","hentry"],"yoast_head":"<!-- This site is optimized with the Yoast SEO plugin v26.5 - https:\/\/yoast.com\/wordpress\/plugins\/seo\/ -->\n<title>PCB Technology and Industry Blog - Hansphere<\/title>\n<meta name=\"description\" content=\"Hansphere&#039;s PCB technology blog. We share in-depth articles on high-speed PCB design, Design for Manufacturability (DFM), SMT process optimization, quality reliability testing, and trends in the electronics manufacturing industry. Empowering engineers to enhance their skills and helping businesses optimize their supply chains.\" \/>\n<meta name=\"robots\" content=\"index, follow, max-snippet:-1, max-image-preview:large, max-video-preview:-1\" \/>\n<link rel=\"canonical\" href=\"https:\/\/www.han-sphere.com\/de\/blog\/\" \/>\n<meta property=\"og:locale\" content=\"de_DE\" \/>\n<meta property=\"og:type\" content=\"article\" \/>\n<meta property=\"og:title\" content=\"PCB Technology and Industry Blog - Hansphere\" \/>\n<meta property=\"og:description\" content=\"Hansphere&#039;s PCB technology blog. We share in-depth articles on high-speed PCB design, Design for Manufacturability (DFM), SMT process optimization, quality reliability testing, and trends in the electronics manufacturing industry. Empowering engineers to enhance their skills and helping businesses optimize their supply chains.\" \/>\n<meta property=\"og:url\" content=\"https:\/\/www.han-sphere.com\/de\/blog\/\" \/>\n<meta property=\"og:site_name\" content=\"hansphere\" \/>\n<meta property=\"article:modified_time\" content=\"2025-12-14T05:19:38+00:00\" \/>\n<meta name=\"twitter:card\" content=\"summary_large_image\" \/>\n<script type=\"application\/ld+json\" class=\"yoast-schema-graph\">{\"@context\":\"https:\/\/schema.org\",\"@graph\":[{\"@type\":\"WebPage\",\"@id\":\"https:\/\/www.han-sphere.com\/blog\/\",\"url\":\"https:\/\/www.han-sphere.com\/blog\/\",\"name\":\"PCB Technology and Industry Blog - Hansphere\",\"isPartOf\":{\"@id\":\"https:\/\/www.han-sphere.com\/#website\"},\"datePublished\":\"2025-11-11T06:37:58+00:00\",\"dateModified\":\"2025-12-14T05:19:38+00:00\",\"description\":\"Hansphere's PCB technology blog. We share in-depth articles on high-speed PCB design, Design for Manufacturability (DFM), SMT process optimization, quality reliability testing, and trends in the electronics manufacturing industry. Empowering engineers to enhance their skills and helping businesses optimize their supply chains.\",\"breadcrumb\":{\"@id\":\"https:\/\/www.han-sphere.com\/blog\/#breadcrumb\"},\"inLanguage\":\"de\",\"potentialAction\":[{\"@type\":\"ReadAction\",\"target\":[\"https:\/\/www.han-sphere.com\/blog\/\"]}]},{\"@type\":\"BreadcrumbList\",\"@id\":\"https:\/\/www.han-sphere.com\/blog\/#breadcrumb\",\"itemListElement\":[{\"@type\":\"ListItem\",\"position\":1,\"name\":\"Home\",\"item\":\"https:\/\/www.han-sphere.com\/\"},{\"@type\":\"ListItem\",\"position\":2,\"name\":\"Blog\"}]},{\"@type\":\"WebSite\",\"@id\":\"https:\/\/www.han-sphere.com\/#website\",\"url\":\"https:\/\/www.han-sphere.com\/\",\"name\":\"hansphere\",\"description\":\"\",\"potentialAction\":[{\"@type\":\"SearchAction\",\"target\":{\"@type\":\"EntryPoint\",\"urlTemplate\":\"https:\/\/www.han-sphere.com\/?s={search_term_string}\"},\"query-input\":{\"@type\":\"PropertyValueSpecification\",\"valueRequired\":true,\"valueName\":\"search_term_string\"}}],\"inLanguage\":\"de\"}]}<\/script>\n<!-- \/ Yoast SEO plugin. -->","yoast_head_json":{"title":"PCB Technologie und Industrie Blog - Hansphere","description":"Der PCB-Technologie-Blog von Hansphere. Wir ver\u00f6ffentlichen ausf\u00fchrliche Artikel \u00fcber Hochgeschwindigkeits-Leiterplattendesign, Design for Manufacturability (DFM), SMT-Prozessoptimierung, Qualit\u00e4ts- und Zuverl\u00e4ssigkeitspr\u00fcfungen und Trends in der Elektronikindustrie. Wir unterst\u00fctzen Ingenieure bei der Verbesserung ihrer F\u00e4higkeiten und helfen Unternehmen bei der Optimierung ihrer Lieferketten.","robots":{"index":"index","follow":"follow","max-snippet":"max-snippet:-1","max-image-preview":"max-image-preview:large","max-video-preview":"max-video-preview:-1"},"canonical":"https:\/\/www.han-sphere.com\/de\/blog\/","og_locale":"de_DE","og_type":"article","og_title":"PCB Technology and Industry Blog - Hansphere","og_description":"Hansphere's PCB technology blog. We share in-depth articles on high-speed PCB design, Design for Manufacturability (DFM), SMT process optimization, quality reliability testing, and trends in the electronics manufacturing industry. Empowering engineers to enhance their skills and helping businesses optimize their supply chains.","og_url":"https:\/\/www.han-sphere.com\/de\/blog\/","og_site_name":"hansphere","article_modified_time":"2025-12-14T05:19:38+00:00","twitter_card":"summary_large_image","schema":{"@context":"https:\/\/schema.org","@graph":[{"@type":"WebPage","@id":"https:\/\/www.han-sphere.com\/blog\/","url":"https:\/\/www.han-sphere.com\/blog\/","name":"PCB Technologie und Industrie Blog - Hansphere","isPartOf":{"@id":"https:\/\/www.han-sphere.com\/#website"},"datePublished":"2025-11-11T06:37:58+00:00","dateModified":"2025-12-14T05:19:38+00:00","description":"Der PCB-Technologie-Blog von Hansphere. Wir ver\u00f6ffentlichen ausf\u00fchrliche Artikel \u00fcber Hochgeschwindigkeits-Leiterplattendesign, Design for Manufacturability (DFM), SMT-Prozessoptimierung, Qualit\u00e4ts- und Zuverl\u00e4ssigkeitspr\u00fcfungen und Trends in der Elektronikindustrie. Wir unterst\u00fctzen Ingenieure bei der Verbesserung ihrer F\u00e4higkeiten und helfen Unternehmen bei der Optimierung ihrer Lieferketten.","breadcrumb":{"@id":"https:\/\/www.han-sphere.com\/blog\/#breadcrumb"},"inLanguage":"de","potentialAction":[{"@type":"ReadAction","target":["https:\/\/www.han-sphere.com\/blog\/"]}]},{"@type":"BreadcrumbList","@id":"https:\/\/www.han-sphere.com\/blog\/#breadcrumb","itemListElement":[{"@type":"ListItem","position":1,"name":"Home","item":"https:\/\/www.han-sphere.com\/"},{"@type":"ListItem","position":2,"name":"Blog"}]},{"@type":"WebSite","@id":"https:\/\/www.han-sphere.com\/#website","url":"https:\/\/www.han-sphere.com\/","name":"hansphere","description":"","potentialAction":[{"@type":"SearchAction","target":{"@type":"EntryPoint","urlTemplate":"https:\/\/www.han-sphere.com\/?s={search_term_string}"},"query-input":{"@type":"PropertyValueSpecification","valueRequired":true,"valueName":"search_term_string"}}],"inLanguage":"de"}]}},"_links":{"self":[{"href":"https:\/\/www.han-sphere.com\/de\/wp-json\/wp\/v2\/pages\/21","targetHints":{"allow":["GET"]}}],"collection":[{"href":"https:\/\/www.han-sphere.com\/de\/wp-json\/wp\/v2\/pages"}],"about":[{"href":"https:\/\/www.han-sphere.com\/de\/wp-json\/wp\/v2\/types\/page"}],"author":[{"embeddable":true,"href":"https:\/\/www.han-sphere.com\/de\/wp-json\/wp\/v2\/users\/1"}],"replies":[{"embeddable":true,"href":"https:\/\/www.han-sphere.com\/de\/wp-json\/wp\/v2\/comments?post=21"}],"version-history":[{"count":1,"href":"https:\/\/www.han-sphere.com\/de\/wp-json\/wp\/v2\/pages\/21\/revisions"}],"predecessor-version":[{"id":22,"href":"https:\/\/www.han-sphere.com\/de\/wp-json\/wp\/v2\/pages\/21\/revisions\/22"}],"wp:attachment":[{"href":"https:\/\/www.han-sphere.com\/de\/wp-json\/wp\/v2\/media?parent=21"}],"curies":[{"name":"wp","href":"https:\/\/api.w.org\/{rel}","templated":true}]}}