{"id":38,"date":"2025-11-13T19:55:39","date_gmt":"2025-11-13T11:55:39","guid":{"rendered":"http:\/\/103.143.239.170\/?page_id=38"},"modified":"2025-12-14T13:33:32","modified_gmt":"2025-12-14T05:33:32","slug":"hdi-pcb","status":"publish","type":"page","link":"https:\/\/www.han-sphere.com\/de\/hdi-pcb\/","title":{"rendered":"HDI-PCB"},"content":{"rendered":"","protected":false},"excerpt":{"rendered":"","protected":false},"author":1,"featured_media":0,"parent":0,"menu_order":0,"comment_status":"closed","ping_status":"closed","template":"page\/HDI-PCB.php","meta":{"_kad_post_transparent":"","_kad_post_title":"","_kad_post_layout":"","_kad_post_sidebar_id":"","_kad_post_content_style":"","_kad_post_vertical_padding":"","_kad_post_feature":"","_kad_post_feature_position":"","_kad_post_header":false,"_kad_post_footer":false,"_kad_post_classname":"","footnotes":""},"class_list":["post-38","page","type-page","status-publish","hentry"],"yoast_head":"<!-- This site is optimized with the Yoast SEO plugin v26.5 - https:\/\/yoast.com\/wordpress\/plugins\/seo\/ -->\n<title>HDI PCB Manufacturer Design for Manufacturability (DFM) &amp; Production Services - Hansphere<\/title>\n<meta name=\"description\" content=\"Hansphere is a professional HDI PCB manufacturer specializing in HDI boards, stacked vias, staggered blind vias, and fine line fabrication below 50\u03bcm\/50\u03bcm. Utilizing advanced laser drilling, electroplated via filling, and semi-additive processes, we deliver core interconnect solutions for 5G communications, high-end servers, and IC carrier boards.\" \/>\n<meta name=\"robots\" content=\"index, follow, max-snippet:-1, max-image-preview:large, max-video-preview:-1\" \/>\n<link rel=\"canonical\" href=\"https:\/\/www.han-sphere.com\/de\/hdi-pcb\/\" \/>\n<meta property=\"og:locale\" content=\"de_DE\" \/>\n<meta property=\"og:type\" content=\"article\" \/>\n<meta property=\"og:title\" content=\"HDI PCB Manufacturer Design for Manufacturability (DFM) &amp; Production Services - Hansphere\" \/>\n<meta property=\"og:description\" content=\"Hansphere is a professional HDI PCB manufacturer specializing in HDI boards, stacked vias, staggered blind vias, and fine line fabrication below 50\u03bcm\/50\u03bcm. Utilizing advanced laser drilling, electroplated via filling, and semi-additive processes, we deliver core interconnect solutions for 5G communications, high-end servers, and IC carrier boards.\" \/>\n<meta property=\"og:url\" content=\"https:\/\/www.han-sphere.com\/de\/hdi-pcb\/\" \/>\n<meta property=\"og:site_name\" content=\"hansphere\" \/>\n<meta property=\"article:modified_time\" content=\"2025-12-14T05:33:32+00:00\" \/>\n<meta name=\"twitter:card\" content=\"summary_large_image\" \/>\n<script type=\"application\/ld+json\" class=\"yoast-schema-graph\">{\"@context\":\"https:\/\/schema.org\",\"@graph\":[{\"@type\":\"WebPage\",\"@id\":\"https:\/\/www.han-sphere.com\/hdi-pcb\/\",\"url\":\"https:\/\/www.han-sphere.com\/hdi-pcb\/\",\"name\":\"HDI PCB Manufacturer Design for Manufacturability (DFM) & Production Services - Hansphere\",\"isPartOf\":{\"@id\":\"https:\/\/www.han-sphere.com\/#website\"},\"datePublished\":\"2025-11-13T11:55:39+00:00\",\"dateModified\":\"2025-12-14T05:33:32+00:00\",\"description\":\"Hansphere is a professional HDI PCB manufacturer specializing in HDI boards, stacked vias, staggered blind vias, and fine line fabrication below 50\u03bcm\/50\u03bcm. Utilizing advanced laser drilling, electroplated via filling, and semi-additive processes, we deliver core interconnect solutions for 5G communications, high-end servers, and IC carrier boards.\",\"breadcrumb\":{\"@id\":\"https:\/\/www.han-sphere.com\/hdi-pcb\/#breadcrumb\"},\"inLanguage\":\"de\",\"potentialAction\":[{\"@type\":\"ReadAction\",\"target\":[\"https:\/\/www.han-sphere.com\/hdi-pcb\/\"]}]},{\"@type\":\"BreadcrumbList\",\"@id\":\"https:\/\/www.han-sphere.com\/hdi-pcb\/#breadcrumb\",\"itemListElement\":[{\"@type\":\"ListItem\",\"position\":1,\"name\":\"Home\",\"item\":\"https:\/\/www.han-sphere.com\/\"},{\"@type\":\"ListItem\",\"position\":2,\"name\":\"HDI-PCB\"}]},{\"@type\":\"WebSite\",\"@id\":\"https:\/\/www.han-sphere.com\/#website\",\"url\":\"https:\/\/www.han-sphere.com\/\",\"name\":\"hansphere\",\"description\":\"\",\"potentialAction\":[{\"@type\":\"SearchAction\",\"target\":{\"@type\":\"EntryPoint\",\"urlTemplate\":\"https:\/\/www.han-sphere.com\/?s={search_term_string}\"},\"query-input\":{\"@type\":\"PropertyValueSpecification\",\"valueRequired\":true,\"valueName\":\"search_term_string\"}}],\"inLanguage\":\"de\"}]}<\/script>\n<!-- \/ Yoast SEO plugin. -->","yoast_head_json":{"title":"HDI PCB Hersteller Design for Manufacturability (DFM) &amp; Produktionsdienstleistungen - Hansphere","description":"Hansphere ist ein professioneller HDI-Leiterplattenhersteller, der sich auf HDI-Leiterplatten, gestapelte Durchkontaktierungen, gestaffelte Blind Vias und die Herstellung von Feinlinien unter 50\u03bcm\/50\u03bcm spezialisiert hat. Mit fortschrittlichem Laserbohren, galvanischem F\u00fcllen von Durchkontaktierungen und semi-additiven Prozessen liefern wir Kernverbindungsl\u00f6sungen f\u00fcr 5G-Kommunikation, High-End-Server und IC-Tr\u00e4gerplatten.","robots":{"index":"index","follow":"follow","max-snippet":"max-snippet:-1","max-image-preview":"max-image-preview:large","max-video-preview":"max-video-preview:-1"},"canonical":"https:\/\/www.han-sphere.com\/de\/hdi-pcb\/","og_locale":"de_DE","og_type":"article","og_title":"HDI PCB Manufacturer Design for Manufacturability (DFM) & Production Services - Hansphere","og_description":"Hansphere is a professional HDI PCB manufacturer specializing in HDI boards, stacked vias, staggered blind vias, and fine line fabrication below 50\u03bcm\/50\u03bcm. Utilizing advanced laser drilling, electroplated via filling, and semi-additive processes, we deliver core interconnect solutions for 5G communications, high-end servers, and IC carrier boards.","og_url":"https:\/\/www.han-sphere.com\/de\/hdi-pcb\/","og_site_name":"hansphere","article_modified_time":"2025-12-14T05:33:32+00:00","twitter_card":"summary_large_image","schema":{"@context":"https:\/\/schema.org","@graph":[{"@type":"WebPage","@id":"https:\/\/www.han-sphere.com\/hdi-pcb\/","url":"https:\/\/www.han-sphere.com\/hdi-pcb\/","name":"HDI PCB Hersteller Design for Manufacturability (DFM) &amp; Produktionsdienstleistungen - Hansphere","isPartOf":{"@id":"https:\/\/www.han-sphere.com\/#website"},"datePublished":"2025-11-13T11:55:39+00:00","dateModified":"2025-12-14T05:33:32+00:00","description":"Hansphere ist ein professioneller HDI-Leiterplattenhersteller, der sich auf HDI-Leiterplatten, gestapelte Durchkontaktierungen, gestaffelte Blind Vias und die Herstellung von Feinlinien unter 50\u03bcm\/50\u03bcm spezialisiert hat. Mit fortschrittlichem Laserbohren, galvanischem F\u00fcllen von Durchkontaktierungen und semi-additiven Prozessen liefern wir Kernverbindungsl\u00f6sungen f\u00fcr 5G-Kommunikation, High-End-Server und IC-Tr\u00e4gerplatten.","breadcrumb":{"@id":"https:\/\/www.han-sphere.com\/hdi-pcb\/#breadcrumb"},"inLanguage":"de","potentialAction":[{"@type":"ReadAction","target":["https:\/\/www.han-sphere.com\/hdi-pcb\/"]}]},{"@type":"BreadcrumbList","@id":"https:\/\/www.han-sphere.com\/hdi-pcb\/#breadcrumb","itemListElement":[{"@type":"ListItem","position":1,"name":"Home","item":"https:\/\/www.han-sphere.com\/"},{"@type":"ListItem","position":2,"name":"HDI-PCB"}]},{"@type":"WebSite","@id":"https:\/\/www.han-sphere.com\/#website","url":"https:\/\/www.han-sphere.com\/","name":"hansphere","description":"","potentialAction":[{"@type":"SearchAction","target":{"@type":"EntryPoint","urlTemplate":"https:\/\/www.han-sphere.com\/?s={search_term_string}"},"query-input":{"@type":"PropertyValueSpecification","valueRequired":true,"valueName":"search_term_string"}}],"inLanguage":"de"}]}},"_links":{"self":[{"href":"https:\/\/www.han-sphere.com\/de\/wp-json\/wp\/v2\/pages\/38","targetHints":{"allow":["GET"]}}],"collection":[{"href":"https:\/\/www.han-sphere.com\/de\/wp-json\/wp\/v2\/pages"}],"about":[{"href":"https:\/\/www.han-sphere.com\/de\/wp-json\/wp\/v2\/types\/page"}],"author":[{"embeddable":true,"href":"https:\/\/www.han-sphere.com\/de\/wp-json\/wp\/v2\/users\/1"}],"replies":[{"embeddable":true,"href":"https:\/\/www.han-sphere.com\/de\/wp-json\/wp\/v2\/comments?post=38"}],"version-history":[{"count":1,"href":"https:\/\/www.han-sphere.com\/de\/wp-json\/wp\/v2\/pages\/38\/revisions"}],"predecessor-version":[{"id":39,"href":"https:\/\/www.han-sphere.com\/de\/wp-json\/wp\/v2\/pages\/38\/revisions\/39"}],"wp:attachment":[{"href":"https:\/\/www.han-sphere.com\/de\/wp-json\/wp\/v2\/media?parent=38"}],"curies":[{"name":"wp","href":"https:\/\/api.w.org\/{rel}","templated":true}]}}