{"id":82,"date":"2025-11-21T00:08:53","date_gmt":"2025-11-20T16:08:53","guid":{"rendered":"http:\/\/103.143.239.170\/?page_id=82"},"modified":"2025-12-14T13:55:53","modified_gmt":"2025-12-14T05:55:53","slug":"cnc-services","status":"publish","type":"page","link":"https:\/\/www.han-sphere.com\/de\/cnc-services\/","title":{"rendered":"CNC-Dienstleistungen"},"content":{"rendered":"","protected":false},"excerpt":{"rendered":"","protected":false},"author":1,"featured_media":0,"parent":0,"menu_order":0,"comment_status":"closed","ping_status":"closed","template":"page\/CNC-Services.php","meta":{"_kad_post_transparent":"","_kad_post_title":"","_kad_post_layout":"","_kad_post_sidebar_id":"","_kad_post_content_style":"","_kad_post_vertical_padding":"","_kad_post_feature":"","_kad_post_feature_position":"","_kad_post_header":false,"_kad_post_footer":false,"_kad_post_classname":"","footnotes":""},"class_list":["post-82","page","type-page","status-publish","hentry"],"yoast_head":"<!-- This site is optimized with the Yoast SEO plugin v26.5 - https:\/\/yoast.com\/wordpress\/plugins\/seo\/ -->\n<title>Professional CNC Machining Service Provider, Precision CNC Parts Manufacturing - Hansphere<\/title>\n<meta name=\"description\" content=\"Hansphere is a professional CNC machining service provider equipped with multiple five-axis, four-axis, and three-axis machining centers. We specialize in precision parts manufacturing for metals including aluminum alloy, stainless steel, titanium alloy, and copper alloy, as well as engineering plastics such as POM, nylon (PA), PEEK, and Bakelite.\" \/>\n<meta name=\"robots\" content=\"index, follow, max-snippet:-1, max-image-preview:large, max-video-preview:-1\" \/>\n<link rel=\"canonical\" href=\"https:\/\/www.han-sphere.com\/de\/cnc-services\/\" \/>\n<meta property=\"og:locale\" content=\"de_DE\" \/>\n<meta property=\"og:type\" content=\"article\" \/>\n<meta property=\"og:title\" content=\"Professional CNC Machining Service Provider, Precision CNC Parts Manufacturing - Hansphere\" \/>\n<meta property=\"og:description\" content=\"Hansphere is a professional CNC machining service provider equipped with multiple five-axis, four-axis, and three-axis machining centers. We specialize in precision parts manufacturing for metals including aluminum alloy, stainless steel, titanium alloy, and copper alloy, as well as engineering plastics such as POM, nylon (PA), PEEK, and Bakelite.\" \/>\n<meta property=\"og:url\" content=\"https:\/\/www.han-sphere.com\/de\/cnc-services\/\" \/>\n<meta property=\"og:site_name\" content=\"hansphere\" \/>\n<meta property=\"article:modified_time\" content=\"2025-12-14T05:55:53+00:00\" \/>\n<meta name=\"twitter:card\" content=\"summary_large_image\" \/>\n<script type=\"application\/ld+json\" class=\"yoast-schema-graph\">{\"@context\":\"https:\/\/schema.org\",\"@graph\":[{\"@type\":\"WebPage\",\"@id\":\"https:\/\/www.han-sphere.com\/cnc-services\/\",\"url\":\"https:\/\/www.han-sphere.com\/cnc-services\/\",\"name\":\"Professional CNC Machining Service Provider, Precision CNC Parts Manufacturing - Hansphere\",\"isPartOf\":{\"@id\":\"https:\/\/www.han-sphere.com\/#website\"},\"datePublished\":\"2025-11-20T16:08:53+00:00\",\"dateModified\":\"2025-12-14T05:55:53+00:00\",\"description\":\"Hansphere is a professional CNC machining service provider equipped with multiple five-axis, four-axis, and three-axis machining centers. We specialize in precision parts manufacturing for metals including aluminum alloy, stainless steel, titanium alloy, and copper alloy, as well as engineering plastics such as POM, nylon (PA), PEEK, and Bakelite.\",\"breadcrumb\":{\"@id\":\"https:\/\/www.han-sphere.com\/cnc-services\/#breadcrumb\"},\"inLanguage\":\"de\",\"potentialAction\":[{\"@type\":\"ReadAction\",\"target\":[\"https:\/\/www.han-sphere.com\/cnc-services\/\"]}]},{\"@type\":\"BreadcrumbList\",\"@id\":\"https:\/\/www.han-sphere.com\/cnc-services\/#breadcrumb\",\"itemListElement\":[{\"@type\":\"ListItem\",\"position\":1,\"name\":\"Home\",\"item\":\"https:\/\/www.han-sphere.com\/\"},{\"@type\":\"ListItem\",\"position\":2,\"name\":\"CNC Services\"}]},{\"@type\":\"WebSite\",\"@id\":\"https:\/\/www.han-sphere.com\/#website\",\"url\":\"https:\/\/www.han-sphere.com\/\",\"name\":\"hansphere\",\"description\":\"\",\"potentialAction\":[{\"@type\":\"SearchAction\",\"target\":{\"@type\":\"EntryPoint\",\"urlTemplate\":\"https:\/\/www.han-sphere.com\/?s={search_term_string}\"},\"query-input\":{\"@type\":\"PropertyValueSpecification\",\"valueRequired\":true,\"valueName\":\"search_term_string\"}}],\"inLanguage\":\"de\"}]}<\/script>\n<!-- \/ Yoast SEO plugin. -->","yoast_head_json":{"title":"Professioneller CNC-Bearbeitungsdienstleister, Herstellung von CNC-Pr\u00e4zisionsteilen - Hansphere","description":"Hansphere ist ein professioneller Anbieter von CNC-Bearbeitungsdienstleistungen und verf\u00fcgt \u00fcber mehrere F\u00fcnf-Achsen-, Vier-Achsen- und Drei-Achsen-Bearbeitungszentren. Wir sind spezialisiert auf die Herstellung von Pr\u00e4zisionsteilen aus Metallen wie Aluminium-, Edelstahl-, Titan- und Kupferlegierungen sowie technischen Kunststoffen wie POM, Nylon (PA), PEEK und Bakelit.","robots":{"index":"index","follow":"follow","max-snippet":"max-snippet:-1","max-image-preview":"max-image-preview:large","max-video-preview":"max-video-preview:-1"},"canonical":"https:\/\/www.han-sphere.com\/de\/cnc-services\/","og_locale":"de_DE","og_type":"article","og_title":"Professional CNC Machining Service Provider, Precision CNC Parts Manufacturing - Hansphere","og_description":"Hansphere is a professional CNC machining service provider equipped with multiple five-axis, four-axis, and three-axis machining centers. We specialize in precision parts manufacturing for metals including aluminum alloy, stainless steel, titanium alloy, and copper alloy, as well as engineering plastics such as POM, nylon (PA), PEEK, and Bakelite.","og_url":"https:\/\/www.han-sphere.com\/de\/cnc-services\/","og_site_name":"hansphere","article_modified_time":"2025-12-14T05:55:53+00:00","twitter_card":"summary_large_image","schema":{"@context":"https:\/\/schema.org","@graph":[{"@type":"WebPage","@id":"https:\/\/www.han-sphere.com\/cnc-services\/","url":"https:\/\/www.han-sphere.com\/cnc-services\/","name":"Professioneller CNC-Bearbeitungsdienstleister, Herstellung von CNC-Pr\u00e4zisionsteilen - Hansphere","isPartOf":{"@id":"https:\/\/www.han-sphere.com\/#website"},"datePublished":"2025-11-20T16:08:53+00:00","dateModified":"2025-12-14T05:55:53+00:00","description":"Hansphere ist ein professioneller Anbieter von CNC-Bearbeitungsdienstleistungen und verf\u00fcgt \u00fcber mehrere F\u00fcnf-Achsen-, Vier-Achsen- und Drei-Achsen-Bearbeitungszentren. Wir sind spezialisiert auf die Herstellung von Pr\u00e4zisionsteilen aus Metallen wie Aluminium-, Edelstahl-, Titan- und Kupferlegierungen sowie technischen Kunststoffen wie POM, Nylon (PA), PEEK und Bakelit.","breadcrumb":{"@id":"https:\/\/www.han-sphere.com\/cnc-services\/#breadcrumb"},"inLanguage":"de","potentialAction":[{"@type":"ReadAction","target":["https:\/\/www.han-sphere.com\/cnc-services\/"]}]},{"@type":"BreadcrumbList","@id":"https:\/\/www.han-sphere.com\/cnc-services\/#breadcrumb","itemListElement":[{"@type":"ListItem","position":1,"name":"Home","item":"https:\/\/www.han-sphere.com\/"},{"@type":"ListItem","position":2,"name":"CNC Services"}]},{"@type":"WebSite","@id":"https:\/\/www.han-sphere.com\/#website","url":"https:\/\/www.han-sphere.com\/","name":"hansphere","description":"","potentialAction":[{"@type":"SearchAction","target":{"@type":"EntryPoint","urlTemplate":"https:\/\/www.han-sphere.com\/?s={search_term_string}"},"query-input":{"@type":"PropertyValueSpecification","valueRequired":true,"valueName":"search_term_string"}}],"inLanguage":"de"}]}},"_links":{"self":[{"href":"https:\/\/www.han-sphere.com\/de\/wp-json\/wp\/v2\/pages\/82","targetHints":{"allow":["GET"]}}],"collection":[{"href":"https:\/\/www.han-sphere.com\/de\/wp-json\/wp\/v2\/pages"}],"about":[{"href":"https:\/\/www.han-sphere.com\/de\/wp-json\/wp\/v2\/types\/page"}],"author":[{"embeddable":true,"href":"https:\/\/www.han-sphere.com\/de\/wp-json\/wp\/v2\/users\/1"}],"replies":[{"embeddable":true,"href":"https:\/\/www.han-sphere.com\/de\/wp-json\/wp\/v2\/comments?post=82"}],"version-history":[{"count":1,"href":"https:\/\/www.han-sphere.com\/de\/wp-json\/wp\/v2\/pages\/82\/revisions"}],"predecessor-version":[{"id":83,"href":"https:\/\/www.han-sphere.com\/de\/wp-json\/wp\/v2\/pages\/82\/revisions\/83"}],"wp:attachment":[{"href":"https:\/\/www.han-sphere.com\/de\/wp-json\/wp\/v2\/media?parent=82"}],"curies":[{"name":"wp","href":"https:\/\/api.w.org\/{rel}","templated":true}]}}